{"id":221,"date":"2020-06-25T11:14:58","date_gmt":"2020-06-25T11:14:58","guid":{"rendered":"http:\/\/dpt-info.univ-littoral.fr\/?page_id=221"},"modified":"2025-02-25T09:24:33","modified_gmt":"2025-02-25T09:24:33","slug":"alternance","status":"publish","type":"page","link":"https:\/\/dpt-info.univ-littoral.fr\/?page_id=221","title":{"rendered":"Alternance"},"content":{"rendered":"\n<p>Le d\u00e9partement Informatique et Signal propose un cursus BAC+3 \u00e0 BAC+5 en apprentissage. Ce cursus est g\u00e9r\u00e9 par la <a href=\"https:\/\/fcu.univ-littoral.fr\/\">FCU<\/a> (Formation Continue \u00e0 l&rsquo;Universit\u00e9) et en collaboration avec <a href=\"https:\/\/www.formasup-npc.org\/\">Formasup<\/a>.<\/p>\n\n\n\n<p>L\u2019offre s\u2019adresse aux jeunes de moins de 30 ans. Des d\u00e9rogations \u00e0 la limite d\u2019\u00e2ge sont possibles dans certains cas, notamment pour les personnes en situation de handicap. Retrouvez toutes les informations utiles sur&nbsp;le site du <a href=\"http:\/\/www.alternance.emploi.gouv.fr\">minist\u00e8re de l&#8217;emploi<\/a>.<\/p>\n\n\n\n<p>Nous accompagnons les \u00e9tudiants et les entreprises du recrutement au contrat : r\u00e9ception des offres, analyse des missions, profilage de candidats, conseil aux candidats, organisation des entretiens et montage administratif des contrats.<\/p>\n\n\n\n<p>Trois personnes sont \u00e0 votre disposition :<\/p>\n\n\n\n<ul>\n<li>la charg\u00e9e de d\u00e9veloppement de l&rsquo;alternance : B\u00e9r\u00e9nice Beck (berenice.beck@univ-littoral.fr)<\/li>\n\n\n\n<li>le responsable de la fili\u00e8re Informatique par alternance : Eric Ramat (eric.ramat@univ-littoral.fr)<\/li>\n\n\n\n<li>la secr\u00e9taire p\u00e9dagogique : Florence Baquet (florence.baquet@univ-littoral.fr) <\/li>\n<\/ul>\n\n\n\n<p>Le parcours se compose de :<\/p>\n\n\n\n<ul>\n<li>la troisi\u00e8me ann\u00e9e de <a href=\"https:\/\/dpt-info.univ-littoral.fr\/?page_id=28\">Licence Informatique<\/a><\/li>\n\n\n\n<li>les deux ann\u00e9es de <a href=\"https:\/\/dpt-info.univ-littoral.fr\/?page_id=30\">Master Informatique &#8211; Parcours Ing\u00e9nierie du Logiciel Libre<\/a> et de <a href=\"https:\/\/dpt-info.univ-littoral.fr\/?page_id=29\">Master Informatique &#8211; Parcours Web et Sciences des donn\u00e9es<\/a><\/li>\n<\/ul>\n\n\n\n<div class=\"wp-block-columns is-layout-flex wp-container-3\">\n<div class=\"wp-block-column is-layout-flow\">\n<figure class=\"wp-block-image size-large\"><a href=\"https:\/\/dpt-info.univ-littoral.fr\/wp-content\/uploads\/2020\/06\/Licence_informatique_2020_2021.pdf\"><img decoding=\"async\" loading=\"lazy\" width=\"723\" height=\"442\" src=\"https:\/\/dpt-info.univ-littoral.fr\/wp-content\/uploads\/2020\/06\/image.png\" alt=\"\" class=\"wp-image-225\"\/><\/a><\/figure>\n\n\n\n<p><\/p>\n<\/div>\n\n\n\n<div class=\"wp-block-column is-layout-flow\">\n<figure class=\"wp-block-image size-large\"><a href=\"https:\/\/dpt-info.univ-littoral.fr\/wp-content\/uploads\/2020\/06\/Master_I2L_2020-2022.pdf\"><img decoding=\"async\" loading=\"lazy\" width=\"705\" height=\"431\" src=\"https:\/\/dpt-info.univ-littoral.fr\/wp-content\/uploads\/2020\/06\/image-1.png\" alt=\"\" class=\"wp-image-226\"\/><\/a><\/figure>\n<\/div>\n<\/div>\n","protected":false},"excerpt":{"rendered":"<p>Le d\u00e9partement Informatique et Signal propose un cursus BAC+3 \u00e0 BAC+5 en apprentissage. Ce cursus est g\u00e9r\u00e9 par la FCU (Formation Continue \u00e0 l&rsquo;Universit\u00e9) et en collaboration avec Formasup. L\u2019offre s\u2019adresse aux jeunes de moins de 30 ans. Des d\u00e9rogations \u00e0 la limite d\u2019\u00e2ge sont possibles dans certains cas, notamment pour les personnes en situation [&hellip;]<\/p>\n","protected":false},"author":1,"featured_media":0,"parent":0,"menu_order":0,"comment_status":"closed","ping_status":"closed","template":"","meta":[],"_links":{"self":[{"href":"https:\/\/dpt-info.univ-littoral.fr\/index.php?rest_route=\/wp\/v2\/pages\/221"}],"collection":[{"href":"https:\/\/dpt-info.univ-littoral.fr\/index.php?rest_route=\/wp\/v2\/pages"}],"about":[{"href":"https:\/\/dpt-info.univ-littoral.fr\/index.php?rest_route=\/wp\/v2\/types\/page"}],"author":[{"embeddable":true,"href":"https:\/\/dpt-info.univ-littoral.fr\/index.php?rest_route=\/wp\/v2\/users\/1"}],"replies":[{"embeddable":true,"href":"https:\/\/dpt-info.univ-littoral.fr\/index.php?rest_route=%2Fwp%2Fv2%2Fcomments&post=221"}],"version-history":[{"count":11,"href":"https:\/\/dpt-info.univ-littoral.fr\/index.php?rest_route=\/wp\/v2\/pages\/221\/revisions"}],"predecessor-version":[{"id":291,"href":"https:\/\/dpt-info.univ-littoral.fr\/index.php?rest_route=\/wp\/v2\/pages\/221\/revisions\/291"}],"wp:attachment":[{"href":"https:\/\/dpt-info.univ-littoral.fr\/index.php?rest_route=%2Fwp%2Fv2%2Fmedia&parent=221"}],"curies":[{"name":"wp","href":"https:\/\/api.w.org\/{rel}","templated":true}]}}