{"id":14,"date":"2020-05-27T12:49:42","date_gmt":"2020-05-27T12:49:42","guid":{"rendered":"http:\/\/193.49.201.37\/?page_id=14"},"modified":"2020-06-15T12:49:09","modified_gmt":"2020-06-15T12:49:09","slug":"departement-informatique-universite-du-littoral","status":"publish","type":"page","link":"https:\/\/dpt-info.univ-littoral.fr\/","title":{"rendered":"D\u00e9partement Informatique et Signal &#8211; Universit\u00e9 du Littoral"},"content":{"rendered":"\n<p>Bienvenue sur le site Web du d\u00e9partement Informatique et Signal de l&rsquo;<a href=\"http:\/\/www.univ-littoral.fr\/\">Universit\u00e9 du Littoral<\/a>. Le d\u00e9partement regroupe l&rsquo;ensemble des formations en Informatique. Nous vous proposons&nbsp;:<\/p>\n\n\n\n<ul><li>une\u00a0<a href=\"https:\/\/dpt-info.univ-littoral.fr\/?page_id=28\">Licence<\/a>\u00a0sp\u00e9cialit\u00e9 Informatique,<\/li><li>deux Masters informatique\u00a0:<ul><li>le Master Web et Science des donn\u00e9es (<a href=\"https:\/\/dpt-info.univ-littoral.fr\/?page_id=29\">WeDSci<\/a>)\u00a0;<\/li><li>le Master Ing\u00e9nierie du Logiciel Libre (<a href=\"https:\/\/dpt-info.univ-littoral.fr\/?page_id=30\">I2L<\/a>).<\/li><\/ul><\/li><\/ul>\n\n\n\n<p>Toutes ces formations sont assur\u00e9es par les enseignants-chercheurs du Laboratoire d&rsquo;Informatique, Signal et Images de la C\u00f4te d&rsquo;Opale (<a href=\"http:\/\/www-lisic.univ-littoral.fr\/\">LISIC<\/a>) et de nombreux intervenants ext\u00e9rieurs issus du secteur informatique.<\/p>\n","protected":false},"excerpt":{"rendered":"<p>Bienvenue sur le site Web du d\u00e9partement Informatique et Signal de l&rsquo;Universit\u00e9 du Littoral. Le d\u00e9partement regroupe l&rsquo;ensemble des formations en Informatique. Nous vous proposons&nbsp;: une\u00a0Licence\u00a0sp\u00e9cialit\u00e9 Informatique, deux Masters informatique\u00a0: le Master Web et Science des donn\u00e9es (WeDSci)\u00a0; le Master Ing\u00e9nierie du Logiciel Libre (I2L). Toutes ces formations sont assur\u00e9es par les enseignants-chercheurs du Laboratoire [&hellip;]<\/p>\n","protected":false},"author":1,"featured_media":0,"parent":0,"menu_order":0,"comment_status":"closed","ping_status":"closed","template":"","meta":[],"_links":{"self":[{"href":"https:\/\/dpt-info.univ-littoral.fr\/index.php?rest_route=\/wp\/v2\/pages\/14"}],"collection":[{"href":"https:\/\/dpt-info.univ-littoral.fr\/index.php?rest_route=\/wp\/v2\/pages"}],"about":[{"href":"https:\/\/dpt-info.univ-littoral.fr\/index.php?rest_route=\/wp\/v2\/types\/page"}],"author":[{"embeddable":true,"href":"https:\/\/dpt-info.univ-littoral.fr\/index.php?rest_route=\/wp\/v2\/users\/1"}],"replies":[{"embeddable":true,"href":"https:\/\/dpt-info.univ-littoral.fr\/index.php?rest_route=%2Fwp%2Fv2%2Fcomments&post=14"}],"version-history":[{"count":6,"href":"https:\/\/dpt-info.univ-littoral.fr\/index.php?rest_route=\/wp\/v2\/pages\/14\/revisions"}],"predecessor-version":[{"id":86,"href":"https:\/\/dpt-info.univ-littoral.fr\/index.php?rest_route=\/wp\/v2\/pages\/14\/revisions\/86"}],"wp:attachment":[{"href":"https:\/\/dpt-info.univ-littoral.fr\/index.php?rest_route=%2Fwp%2Fv2%2Fmedia&parent=14"}],"curies":[{"name":"wp","href":"https:\/\/api.w.org\/{rel}","templated":true}]}}